{"id":131,"date":"2022-11-08T19:59:53","date_gmt":"2022-11-08T18:59:53","guid":{"rendered":"https:\/\/smegir.cat\/?page_id=131"},"modified":"2022-11-15T22:20:51","modified_gmt":"2022-11-15T21:20:51","slug":"smegir","status":"publish","type":"page","link":"https:\/\/smegir.cat\/","title":{"rendered":"Inici"},"content":{"rendered":"\t\t<div data-elementor-type=\"wp-page\" data-elementor-id=\"131\" class=\"elementor elementor-131\" data-elementor-post-type=\"page\">\n\t\t\t\t\t\t<section class=\"elementor-section elementor-top-section elementor-element elementor-element-39cda11 elementor-section-boxed elementor-section-height-default elementor-section-height-default\" data-id=\"39cda11\" data-element_type=\"section\" data-e-type=\"section\">\n\t\t\t\t\t\t<div class=\"elementor-container elementor-column-gap-default\">\n\t\t\t\t\t<div class=\"elementor-column elementor-col-100 elementor-top-column elementor-element elementor-element-e41ede4\" data-id=\"e41ede4\" data-element_type=\"column\" data-e-type=\"column\">\n\t\t\t<div class=\"elementor-widget-wrap elementor-element-populated\">\n\t\t\t\t\t\t<div class=\"elementor-element elementor-element-1c69a9c elementor-widget elementor-widget-text-editor\" data-id=\"1c69a9c\" data-element_type=\"widget\" data-e-type=\"widget\" data-widget_type=\"text-editor.default\">\n\t\t\t\t<div class=\"elementor-widget-container\">\n\t\t\t\t\t\t\t\t\t<p>SMEGIR \u00e9s una empresa dedicada a la instal\u00b7laci\u00f3 de material el\u00e8ctric i industrial aix\u00ed com al seu manteniment per a industries i petits projectes. Si necessita solucions, el nostre equip de professionals experimentats, les hi trovar\u00e0. En aquest web trobar\u00e0 una mostra de la nostra feina&#8230;<\/p>\t\t\t\t\t\t\t\t<\/div>\n\t\t\t\t<\/div>\n\t\t\t\t<div class=\"elementor-element elementor-element-c2dd7ab elementor--h-position-center elementor--v-position-middle elementor-arrows-position-inside elementor-pagination-position-inside elementor-widget elementor-widget-slides\" data-id=\"c2dd7ab\" data-element_type=\"widget\" data-e-type=\"widget\" data-settings=\"{&quot;navigation&quot;:&quot;both&quot;,&quot;autoplay&quot;:&quot;yes&quot;,&quot;pause_on_hover&quot;:&quot;yes&quot;,&quot;pause_on_interaction&quot;:&quot;yes&quot;,&quot;autoplay_speed&quot;:5000,&quot;infinite&quot;:&quot;yes&quot;,&quot;transition&quot;:&quot;slide&quot;,&quot;transition_speed&quot;:500}\" data-widget_type=\"slides.default\">\n\t\t\t\t<div class=\"elementor-widget-container\">\n\t\t\t\t\t\t\t\t\t<div class=\"elementor-swiper\">\n\t\t\t\t\t<div class=\"elementor-slides-wrapper elementor-main-swiper swiper\" role=\"region\" aria-roledescription=\"carousel\" aria-label=\"Slides\" dir=\"ltr\" data-animation=\"fadeInUp\">\n\t\t\t\t<div class=\"swiper-wrapper elementor-slides\">\n\t\t\t\t\t\t\t\t\t\t<div class=\"elementor-repeater-item-b9c31c7 swiper-slide\" role=\"group\" aria-roledescription=\"slide\"><div class=\"swiper-slide-bg\" role=\"img\" aria-label=\"Cuadres El\u00e8ctrics\"><\/div><a class=\"swiper-slide-inner\" href=\"https:\/\/smegir.cat\/?page_id=125\"><div class=\"swiper-slide-contents\"><div class=\"elementor-slide-heading\">ELECTRICITAT<\/div><div  class=\"elementor-button elementor-slide-button elementor-size-sm\">M\u00e9s informaci\u00f3<\/div><\/div><\/a><\/div><div class=\"elementor-repeater-item-3170189 swiper-slide\" role=\"group\" aria-roledescription=\"slide\"><div class=\"swiper-slide-bg\" role=\"img\" aria-label=\"Caldereria\"><\/div><a class=\"swiper-slide-inner\" href=\"https:\/\/smegir.cat\/?page_id=146\"><div class=\"swiper-slide-contents\"><div class=\"elementor-slide-heading\">INSTAL\u00b7LACIONS T\u00c8RMIQUES<\/div><div  class=\"elementor-button elementor-slide-button elementor-size-sm\">M\u00e9s Informaci\u00f3<\/div><\/div><\/a><\/div><div class=\"elementor-repeater-item-0d465d0 swiper-slide\" role=\"group\" aria-roledescription=\"slide\"><div class=\"swiper-slide-bg\" role=\"img\" aria-label=\"V\u00e0lvules hidoel\u00e8ctriques\"><\/div><a class=\"swiper-slide-inner\" href=\"https:\/\/smegir.cat\/?page_id=171\"><div class=\"swiper-slide-contents\"><div class=\"elementor-slide-heading\">FONTANERIA<\/div><div  class=\"elementor-button elementor-slide-button elementor-size-sm\">M\u00e9s Informaci\u00f3<\/div><\/div><\/a><\/div><div class=\"elementor-repeater-item-f9fdc31 swiper-slide\" role=\"group\" aria-roledescription=\"slide\"><div class=\"swiper-slide-bg\" role=\"img\" aria-label=\"Ares acondicionats\"><\/div><a class=\"swiper-slide-inner\" href=\"https:\/\/smegir.cat\/?page_id=173\"><div class=\"swiper-slide-contents\"><div class=\"elementor-slide-heading\">CLIMA<\/div><div  class=\"elementor-button elementor-slide-button elementor-size-sm\">M\u00e9s Informaci\u00f3<\/div><\/div><\/a><\/div><div class=\"elementor-repeater-item-877449b swiper-slide\" role=\"group\" aria-roledescription=\"slide\"><div class=\"swiper-slide-bg\" role=\"img\" aria-label=\"Pannells Solars\"><\/div><a class=\"swiper-slide-inner\" href=\"https:\/\/smegir.cat\/?page_id=175\"><div class=\"swiper-slide-contents\"><div class=\"elementor-slide-heading\">ENERGIES RENOVABLES<\/div><div  class=\"elementor-button elementor-slide-button elementor-size-sm\">M\u00e9s Informaci\u00f3<\/div><\/div><\/a><\/div><div class=\"elementor-repeater-item-bda534b swiper-slide\" role=\"group\" aria-roledescription=\"slide\"><div class=\"swiper-slide-bg\" role=\"img\" aria-label=\"Instal\u00b7laci\u00f3\"><\/div><a class=\"swiper-slide-inner\" href=\"https:\/\/smegir.cat\/?page_id=177\"><div class=\"swiper-slide-contents\"><div class=\"elementor-slide-heading\">SOLUCIONS PROFESSIONALS<\/div><div  class=\"elementor-button elementor-slide-button elementor-size-sm\">M\u00e9s Informaci\u00f3<\/div><\/div><\/a><\/div>\t\t\t\t<\/div>\n\t\t\t\t\t\t\t\t\t\t\t\t\t\t\t<div class=\"elementor-swiper-button elementor-swiper-button-prev\" role=\"button\" tabindex=\"0\" aria-label=\"Previous slide\">\n\t\t\t\t\t\t\t<i aria-hidden=\"true\" class=\"eicon-chevron-left\"><\/i>\t\t\t\t\t\t<\/div>\n\t\t\t\t\t\t<div class=\"elementor-swiper-button elementor-swiper-button-next\" role=\"button\" tabindex=\"0\" aria-label=\"Next slide\">\n\t\t\t\t\t\t\t<i aria-hidden=\"true\" class=\"eicon-chevron-right\"><\/i>\t\t\t\t\t\t<\/div>\n\t\t\t\t\t\t\t\t\t\t\t\t\t\t\t\t<div class=\"swiper-pagination\"><\/div>\n\t\t\t\t\t\t\t\t\t\t\t\t<\/div>\n\t\t\t\t<\/div>\n\t\t\t\t\t\t\t\t<\/div>\n\t\t\t\t<\/div>\n\t\t\t\t<div class=\"elementor-element elementor-element-1f3d3b3 elementor-widget elementor-widget-text-editor\" data-id=\"1f3d3b3\" data-element_type=\"widget\" data-e-type=\"widget\" data-widget_type=\"text-editor.default\">\n\t\t\t\t<div class=\"elementor-widget-container\">\n\t\t\t\t\t\t\t\t\t<p>Instal\u00b7lacions i Muntatges El\u00e8ctrics de Girona<\/p>\t\t\t\t\t\t\t\t<\/div>\n\t\t\t\t<\/div>\n\t\t\t\t\t<\/div>\n\t\t<\/div>\n\t\t\t\t\t<\/div>\n\t\t<\/section>\n\t\t\t\t<\/div>\n\t\t","protected":false},"excerpt":{"rendered":"<p>SMEGIR \u00e9s una empresa dedicada a la instal\u00b7laci\u00f3 de material el\u00e8ctric i industrial aix\u00ed com al seu manteniment per a industries i petits projectes. Si necessita solucions, el nostre equip de professionals experimentats, les hi trovar\u00e0. En aquest web trobar\u00e0 una mostra de la nostra feina&#8230; ELECTRICITATM\u00e9s informaci\u00f3INSTAL\u00b7LACIONS T\u00c8RMIQUESM\u00e9s Informaci\u00f3FONTANERIAM\u00e9s Informaci\u00f3CLIMAM\u00e9s Informaci\u00f3ENERGIES RENOVABLESM\u00e9s Informaci\u00f3SOLUCIONS PROFESSIONALSM\u00e9s [&hellip;]<\/p>\n","protected":false},"author":1,"featured_media":0,"parent":0,"menu_order":0,"comment_status":"closed","ping_status":"closed","template":"","meta":{"site-sidebar-layout":"default","site-content-layout":"","ast-site-content-layout":"default","site-content-style":"default","site-sidebar-style":"default","ast-global-header-display":"","ast-banner-title-visibility":"","ast-main-header-display":"","ast-hfb-above-header-display":"","ast-hfb-below-header-display":"","ast-hfb-mobile-header-display":"","site-post-title":"","ast-breadcrumbs-content":"","ast-featured-img":"","footer-sml-layout":"","ast-disable-related-posts":"","theme-transparent-header-meta":"","adv-header-id-meta":"","stick-header-meta":"","header-above-stick-meta":"","header-main-stick-meta":"","header-below-stick-meta":"","astra-migrate-meta-layouts":"default","ast-page-background-enabled":"default","ast-page-background-meta":{"desktop":{"background-color":"var(--ast-global-color-4)","background-image":"","background-repeat":"repeat","background-position":"center center","background-size":"auto","background-attachment":"scroll","background-type":"","background-media":"","overlay-type":"","overlay-color":"","overlay-opacity":"","overlay-gradient":""},"tablet":{"background-color":"","background-image":"","background-repeat":"repeat","background-position":"center center","background-size":"auto","background-attachment":"scroll","background-type":"","background-media":"","overlay-type":"","overlay-color":"","overlay-opacity":"","overlay-gradient":""},"mobile":{"background-color":"","background-image":"","background-repeat":"repeat","background-position":"center center","background-size":"auto","background-attachment":"scroll","background-type":"","background-media":"","overlay-type":"","overlay-color":"","overlay-opacity":"","overlay-gradient":""}},"ast-content-background-meta":{"desktop":{"background-color":"var(--ast-global-color-5)","background-image":"","background-repeat":"repeat","background-position":"center center","background-size":"auto","background-attachment":"scroll","background-type":"","background-media":"","overlay-type":"","overlay-color":"","overlay-opacity":"","overlay-gradient":""},"tablet":{"background-color":"var(--ast-global-color-5)","background-image":"","background-repeat":"repeat","background-position":"center center","background-size":"auto","background-attachment":"scroll","background-type":"","background-media":"","overlay-type":"","overlay-color":"","overlay-opacity":"","overlay-gradient":""},"mobile":{"background-color":"var(--ast-global-color-5)","background-image":"","background-repeat":"repeat","background-position":"center center","background-size":"auto","background-attachment":"scroll","background-type":"","background-media":"","overlay-type":"","overlay-color":"","overlay-opacity":"","overlay-gradient":""}},"footnotes":""},"class_list":["post-131","page","type-page","status-publish","hentry"],"_links":{"self":[{"href":"https:\/\/smegir.cat\/index.php?rest_route=\/wp\/v2\/pages\/131","targetHints":{"allow":["GET"]}}],"collection":[{"href":"https:\/\/smegir.cat\/index.php?rest_route=\/wp\/v2\/pages"}],"about":[{"href":"https:\/\/smegir.cat\/index.php?rest_route=\/wp\/v2\/types\/page"}],"author":[{"embeddable":true,"href":"https:\/\/smegir.cat\/index.php?rest_route=\/wp\/v2\/users\/1"}],"replies":[{"embeddable":true,"href":"https:\/\/smegir.cat\/index.php?rest_route=%2Fwp%2Fv2%2Fcomments&post=131"}],"version-history":[{"count":21,"href":"https:\/\/smegir.cat\/index.php?rest_route=\/wp\/v2\/pages\/131\/revisions"}],"predecessor-version":[{"id":239,"href":"https:\/\/smegir.cat\/index.php?rest_route=\/wp\/v2\/pages\/131\/revisions\/239"}],"wp:attachment":[{"href":"https:\/\/smegir.cat\/index.php?rest_route=%2Fwp%2Fv2%2Fmedia&parent=131"}],"curies":[{"name":"wp","href":"https:\/\/api.w.org\/{rel}","templated":true}]}}